{"id":30,"date":"2020-04-13T11:18:54","date_gmt":"2020-04-13T11:18:54","guid":{"rendered":"http:\/\/luxochantal.fr\/?page_id=30"},"modified":"2026-03-25T15:50:55","modified_gmt":"2026-03-25T15:50:55","slug":"home","status":"publish","type":"page","link":"https:\/\/luxochantal.fr\/","title":{"rendered":"Accueil"},"content":{"rendered":"\t\t<div data-elementor-type=\"wp-page\" data-elementor-id=\"30\" class=\"elementor elementor-30\">\n\t\t\t\t\t\t<section class=\"elementor-section elementor-top-section elementor-element elementor-element-4718434 elementor-section-height-min-height elementor-section-boxed elementor-section-height-default elementor-section-items-middle\" data-id=\"4718434\" data-element_type=\"section\" data-e-type=\"section\" data-settings=\"{&quot;background_background&quot;:&quot;classic&quot;}\">\n\t\t\t\t\t\t\t<div class=\"elementor-background-overlay\"><\/div>\n\t\t\t\t\t\t\t<div class=\"elementor-container elementor-column-gap-no\">\n\t\t\t\t\t<div class=\"elementor-column elementor-col-100 elementor-top-column elementor-element elementor-element-6de5349\" data-id=\"6de5349\" data-element_type=\"column\" data-e-type=\"column\">\n\t\t\t<div class=\"elementor-widget-wrap elementor-element-populated\">\n\t\t\t\t\t\t<div class=\"elementor-element elementor-element-a48f05d elementor-widget elementor-widget-image\" data-id=\"a48f05d\" data-element_type=\"widget\" data-e-type=\"widget\" data-widget_type=\"image.default\">\n\t\t\t\t<div class=\"elementor-widget-container\">\n\t\t\t\t\t\t\t\t\t\t\t\t\t\t\t<img fetchpriority=\"high\" decoding=\"async\" width=\"1024\" height=\"576\" src=\"https:\/\/luxochantal.fr\/wp-content\/uploads\/2026\/03\/Stones_zen_Sand_Circles_538330_1920x1080-2-1024x576.jpg\" class=\"attachment-large size-large wp-image-1163\" alt=\"\" srcset=\"https:\/\/luxochantal.fr\/wp-content\/uploads\/2026\/03\/Stones_zen_Sand_Circles_538330_1920x1080-2-1024x576.jpg 1024w, https:\/\/luxochantal.fr\/wp-content\/uploads\/2026\/03\/Stones_zen_Sand_Circles_538330_1920x1080-2-300x169.jpg 300w, https:\/\/luxochantal.fr\/wp-content\/uploads\/2026\/03\/Stones_zen_Sand_Circles_538330_1920x1080-2-768x432.jpg 768w, https:\/\/luxochantal.fr\/wp-content\/uploads\/2026\/03\/Stones_zen_Sand_Circles_538330_1920x1080-2-1536x864.jpg 1536w, https:\/\/luxochantal.fr\/wp-content\/uploads\/2026\/03\/Stones_zen_Sand_Circles_538330_1920x1080-2.jpg 1920w\" sizes=\"(max-width: 1024px) 100vw, 1024px\" \/>\t\t\t\t\t\t\t\t\t\t\t\t\t\t\t<\/div>\n\t\t\t\t<\/div>\n\t\t\t\t<div class=\"elementor-element elementor-element-38696a7 elementor-widget__width-initial elementor-widget elementor-widget-image\" data-id=\"38696a7\" data-element_type=\"widget\" data-e-type=\"widget\" data-widget_type=\"image.default\">\n\t\t\t\t<div class=\"elementor-widget-container\">\n\t\t\t\t\t\t\t\t\t\t\t\t\t\t\t<img decoding=\"async\" width=\"1024\" height=\"252\" src=\"https:\/\/luxochantal.fr\/wp-content\/uploads\/2026\/03\/Capture-d-ecran-2026-03-25-163911-3-1024x252.png\" class=\"attachment-large size-large wp-image-1161\" alt=\"\" srcset=\"https:\/\/luxochantal.fr\/wp-content\/uploads\/2026\/03\/Capture-d-ecran-2026-03-25-163911-3-1024x252.png 1024w, https:\/\/luxochantal.fr\/wp-content\/uploads\/2026\/03\/Capture-d-ecran-2026-03-25-163911-3-300x74.png 300w, https:\/\/luxochantal.fr\/wp-content\/uploads\/2026\/03\/Capture-d-ecran-2026-03-25-163911-3-768x189.png 768w, https:\/\/luxochantal.fr\/wp-content\/uploads\/2026\/03\/Capture-d-ecran-2026-03-25-163911-3-1536x378.png 1536w, https:\/\/luxochantal.fr\/wp-content\/uploads\/2026\/03\/Capture-d-ecran-2026-03-25-163911-3.png 1833w\" sizes=\"(max-width: 1024px) 100vw, 1024px\" \/>\t\t\t\t\t\t\t\t\t\t\t\t\t\t\t<\/div>\n\t\t\t\t<\/div>\n\t\t\t\t\t<\/div>\n\t\t<\/div>\n\t\t\t\t\t<\/div>\n\t\t<\/section>\n\t\t\t\t<section class=\"elementor-section elementor-top-section elementor-element elementor-element-9b04ada elementor-section-boxed elementor-section-height-default elementor-section-height-default\" data-id=\"9b04ada\" data-element_type=\"section\" data-e-type=\"section\">\n\t\t\t\t\t\t<div class=\"elementor-container elementor-column-gap-default\">\n\t\t\t\t\t\t<\/div>\n\t\t<\/section>\n\t\t\t\t<section class=\"elementor-section elementor-top-section elementor-element elementor-element-9b890fd elementor-section-boxed elementor-section-height-default elementor-section-height-default\" data-id=\"9b890fd\" data-element_type=\"section\" data-e-type=\"section\">\n\t\t\t\t\t\t<div class=\"elementor-container elementor-column-gap-default\">\n\t\t\t\t\t\t<\/div>\n\t\t<\/section>\n\t\t\t\t<section class=\"elementor-section elementor-top-section elementor-element elementor-element-129eec1 elementor-section-boxed elementor-section-height-default elementor-section-height-default\" data-id=\"129eec1\" data-element_type=\"section\" data-e-type=\"section\">\n\t\t\t\t\t\t<div class=\"elementor-container elementor-column-gap-default\">\n\t\t\t\t\t\t<\/div>\n\t\t<\/section>\n\t\t\t\t<section class=\"elementor-section elementor-top-section elementor-element elementor-element-4047e97 elementor-section-boxed elementor-section-height-default elementor-section-height-default\" data-id=\"4047e97\" data-element_type=\"section\" data-e-type=\"section\">\n\t\t\t\t\t\t<div class=\"elementor-container elementor-column-gap-default\">\n\t\t\t\t\t<div class=\"elementor-column elementor-col-50 elementor-top-column elementor-element elementor-element-8c61d47\" data-id=\"8c61d47\" data-element_type=\"column\" data-e-type=\"column\" data-settings=\"{&quot;background_background&quot;:&quot;classic&quot;}\">\n\t\t\t<div class=\"elementor-widget-wrap elementor-element-populated\">\n\t\t\t\t\t\t<div class=\"elementor-element elementor-element-4ee4d17 elementor-widget elementor-widget-image\" data-id=\"4ee4d17\" data-element_type=\"widget\" data-e-type=\"widget\" data-widget_type=\"image.default\">\n\t\t\t\t<div class=\"elementor-widget-container\">\n\t\t\t\t\t\t\t\t\t\t\t\t\t\t\t<img decoding=\"async\" width=\"447\" height=\"447\" src=\"https:\/\/luxochantal.fr\/wp-content\/uploads\/2026\/03\/FB_IMG_1644951505823.jpg\" class=\"attachment-large size-large wp-image-1137\" alt=\"\" srcset=\"https:\/\/luxochantal.fr\/wp-content\/uploads\/2026\/03\/FB_IMG_1644951505823.jpg 447w, https:\/\/luxochantal.fr\/wp-content\/uploads\/2026\/03\/FB_IMG_1644951505823-300x300.jpg 300w, https:\/\/luxochantal.fr\/wp-content\/uploads\/2026\/03\/FB_IMG_1644951505823-150x150.jpg 150w\" sizes=\"(max-width: 447px) 100vw, 447px\" \/>\t\t\t\t\t\t\t\t\t\t\t\t\t\t\t<\/div>\n\t\t\t\t<\/div>\n\t\t\t\t<div class=\"elementor-element elementor-element-62282bb elementor-widget elementor-widget-heading\" data-id=\"62282bb\" data-element_type=\"widget\" data-e-type=\"widget\" data-widget_type=\"heading.default\">\n\t\t\t\t<div class=\"elementor-widget-container\">\n\t\t\t\t\t<span class=\"elementor-heading-title elementor-size-large\">Qui suis-je ? <\/span>\t\t\t\t<\/div>\n\t\t\t\t<\/div>\n\t\t\t\t<div class=\"elementor-element elementor-element-81d7bc4 elementor-widget elementor-widget-text-editor\" data-id=\"81d7bc4\" data-element_type=\"widget\" data-e-type=\"widget\" data-widget_type=\"text-editor.default\">\n\t\t\t\t<div class=\"elementor-widget-container\">\n\t\t\t\t\t\t\t\t\t<p style=\"text-align: center;\">Orthop\u00e9diste-Orth\u00e9siste de m\u00e9tier et conseill\u00e8re en nutrition, l\u2019humain a toujours \u00e9t\u00e9 au centre de mes valeurs. Attir\u00e9e par les m\u00e9thodes douces de soins, j\u2019ai d\u00e9couvert la luxopuncture, il y a quelques ann\u00e9es, que j\u2019ai dans un premier temps, exp\u00e9riment\u00e9e aupr\u00e8s de mon entourage. Les r\u00e9sultats \u00e9tant concluants, j\u2019ai d\u00e9cid\u00e9 d\u2019ouvrir mon Cabinet et de permettre \u00e0 d\u2019autres de b\u00e9n\u00e9ficier de ces soins de bien-\u00eatre.<\/p><p style=\"text-align: center;\"><strong>Praticienne certifi\u00e9e <span class=\"emoji emoji-large\"><img decoding=\"async\" class=\"emoji\" role=\"img\" draggable=\"false\" src=\"https:\/\/s.w.org\/images\/core\/emoji\/15.0.3\/svg\/2705.svg\" alt=\"\u2705\" \/><\/span><\/strong> je vous accueille chaleureusement dans une ambiance d\u00e9tendue pour un moment de bien-\u00eatre. <span class=\"emoji emoji-large\">\ud83c\udf38<\/span><strong><br \/><\/strong><\/p>\t\t\t\t\t\t\t\t<\/div>\n\t\t\t\t<\/div>\n\t\t\t\t\t<\/div>\n\t\t<\/div>\n\t\t\t\t<div class=\"elementor-column elementor-col-50 elementor-top-column elementor-element elementor-element-8a58207\" data-id=\"8a58207\" data-element_type=\"column\" data-e-type=\"column\">\n\t\t\t<div class=\"elementor-widget-wrap\">\n\t\t\t\t\t\t\t<\/div>\n\t\t<\/div>\n\t\t\t\t\t<\/div>\n\t\t<\/section>\n\t\t\t\t<section class=\"elementor-section elementor-top-section elementor-element elementor-element-11a995c elementor-section-boxed elementor-section-height-default elementor-section-height-default\" data-id=\"11a995c\" data-element_type=\"section\" data-e-type=\"section\">\n\t\t\t\t\t\t<div class=\"elementor-container elementor-column-gap-default\">\n\t\t\t\t\t<div class=\"elementor-column elementor-col-100 elementor-top-column elementor-element elementor-element-0fd8962\" data-id=\"0fd8962\" data-element_type=\"column\" data-e-type=\"column\" data-settings=\"{&quot;background_background&quot;:&quot;classic&quot;}\">\n\t\t\t<div class=\"elementor-widget-wrap elementor-element-populated\">\n\t\t\t\t\t\t<div class=\"elementor-element elementor-element-d4a7452 elementor-widget elementor-widget-heading\" data-id=\"d4a7452\" data-element_type=\"widget\" data-e-type=\"widget\" data-widget_type=\"heading.default\">\n\t\t\t\t<div class=\"elementor-widget-container\">\n\t\t\t\t\t<span class=\"elementor-heading-title elementor-size-xl\">En savoir plus sur la luxopuncture \ud83c\udf1e\u2b07\ufe0f<\/span>\t\t\t\t<\/div>\n\t\t\t\t<\/div>\n\t\t\t\t<div class=\"elementor-element elementor-element-0ecbc63 elementor-widget elementor-widget-button\" data-id=\"0ecbc63\" data-element_type=\"widget\" data-e-type=\"widget\" data-widget_type=\"button.default\">\n\t\t\t\t<div class=\"elementor-widget-container\">\n\t\t\t\t\t\t\t\t\t<div class=\"elementor-button-wrapper\">\n\t\t\t\t\t<a class=\"elementor-button elementor-button-link elementor-size-sm\" href=\"http:\/\/luxochantal.fr\/?page_id=31\">\n\t\t\t\t\t\t<span class=\"elementor-button-content-wrapper\">\n\t\t\t\t\t\t\t\t\t<span class=\"elementor-button-text\">Cliquez ici<\/span>\n\t\t\t\t\t<\/span>\n\t\t\t\t\t<\/a>\n\t\t\t\t<\/div>\n\t\t\t\t\t\t\t\t<\/div>\n\t\t\t\t<\/div>\n\t\t\t\t\t<\/div>\n\t\t<\/div>\n\t\t\t\t\t<\/div>\n\t\t<\/section>\n\t\t\t\t<section class=\"elementor-section elementor-top-section elementor-element elementor-element-4076731b elementor-section-boxed elementor-section-height-default elementor-section-height-default\" data-id=\"4076731b\" data-element_type=\"section\" data-e-type=\"section\" data-settings=\"{&quot;background_background&quot;:&quot;classic&quot;}\">\n\t\t\t\t\t\t\t<div class=\"elementor-background-overlay\"><\/div>\n\t\t\t\t\t\t\t<div class=\"elementor-container elementor-column-gap-no\">\n\t\t\t\t\t<div class=\"elementor-column elementor-col-100 elementor-top-column elementor-element elementor-element-7940ca75\" data-id=\"7940ca75\" data-element_type=\"column\" data-e-type=\"column\">\n\t\t\t<div class=\"elementor-widget-wrap elementor-element-populated\">\n\t\t\t\t\t\t<div class=\"elementor-element elementor-element-d73361e elementor-widget elementor-widget-image-box\" data-id=\"d73361e\" data-element_type=\"widget\" data-e-type=\"widget\" data-widget_type=\"image-box.default\">\n\t\t\t\t<div class=\"elementor-widget-container\">\n\t\t\t\t\t<div class=\"elementor-image-box-wrapper\"><div class=\"elementor-image-box-content\"><h2 class=\"elementor-image-box-title\">Vous souhaitez des renseignements ?<\/h2><p class=\"elementor-image-box-description\">Adressez-moi un message avec vos coordonn\u00e9es, \u00e0 l'aide du bouton ci-dessous, et je prendrais contact avec vous<\/p><\/div><\/div>\t\t\t\t<\/div>\n\t\t\t\t<\/div>\n\t\t\t\t<div class=\"elementor-element elementor-element-1ad749e1 elementor-align-center elementor-widget elementor-widget-button\" data-id=\"1ad749e1\" data-element_type=\"widget\" data-e-type=\"widget\" data-widget_type=\"button.default\">\n\t\t\t\t<div class=\"elementor-widget-container\">\n\t\t\t\t\t\t\t\t\t<div class=\"elementor-button-wrapper\">\n\t\t\t\t\t<a class=\"elementor-button elementor-button-link elementor-size-lg\" href=\"?page_id=33\">\n\t\t\t\t\t\t<span class=\"elementor-button-content-wrapper\">\n\t\t\t\t\t\t\t\t\t<span class=\"elementor-button-text\">Contact<\/span>\n\t\t\t\t\t<\/span>\n\t\t\t\t\t<\/a>\n\t\t\t\t<\/div>\n\t\t\t\t\t\t\t\t<\/div>\n\t\t\t\t<\/div>\n\t\t\t\t\t<\/div>\n\t\t<\/div>\n\t\t\t\t\t<\/div>\n\t\t<\/section>\n\t\t\t\t<\/div>\n\t\t","protected":false},"excerpt":{"rendered":"<p>Qui suis-je ? Orthop\u00e9diste-Orth\u00e9siste de m\u00e9tier et conseill\u00e8re en nutrition, l\u2019humain a toujours \u00e9t\u00e9 au centre de mes valeurs. Attir\u00e9e par les m\u00e9thodes douces de soins, j\u2019ai d\u00e9couvert la luxopuncture, il y a quelques ann\u00e9es, que j\u2019ai dans un premier temps, exp\u00e9riment\u00e9e aupr\u00e8s de mon entourage. Les r\u00e9sultats \u00e9tant concluants, j\u2019ai d\u00e9cid\u00e9 d\u2019ouvrir mon Cabinet [&hellip;]<\/p>\n","protected":false},"author":1,"featured_media":0,"parent":0,"menu_order":0,"comment_status":"closed","ping_status":"closed","template":"","meta":{"om_disable_all_campaigns":false,"_monsterinsights_skip_tracking":false,"_monsterinsights_sitenote_active":false,"_monsterinsights_sitenote_note":"","_monsterinsights_sitenote_category":0,"site-sidebar-layout":"no-sidebar","site-content-layout":"page-builder","ast-site-content-layout":"default","site-content-style":"default","site-sidebar-style":"default","ast-global-header-display":"","ast-banner-title-visibility":"","ast-main-header-display":"","ast-hfb-above-header-display":"","ast-hfb-below-header-display":"","ast-hfb-mobile-header-display":"","site-post-title":"disabled","ast-breadcrumbs-content":"","ast-featured-img":"","footer-sml-layout":"","ast-disable-related-posts":"","theme-transparent-header-meta":"enabled","adv-header-id-meta":"","stick-header-meta":"","header-above-stick-meta":"","header-main-stick-meta":"","header-below-stick-meta":"","astra-migrate-meta-layouts":"default","ast-page-background-enabled":"default","ast-page-background-meta":{"desktop":{"background-color":"","background-image":"","background-repeat":"repeat","background-position":"center center","background-size":"auto","background-attachment":"scroll","background-type":"","background-media":"","overlay-type":"","overlay-color":"","overlay-opacity":"","overlay-gradient":""},"tablet":{"background-color":"","background-image":"","background-repeat":"repeat","background-position":"center center","background-size":"auto","background-attachment":"scroll","background-type":"","background-media":"","overlay-type":"","overlay-color":"","overlay-opacity":"","overlay-gradient":""},"mobile":{"background-color":"","background-image":"","background-repeat":"repeat","background-position":"center center","background-size":"auto","background-attachment":"scroll","background-type":"","background-media":"","overlay-type":"","overlay-color":"","overlay-opacity":"","overlay-gradient":""}},"ast-content-background-meta":{"desktop":{"background-color":"var(--ast-global-color-5)","background-image":"","background-repeat":"repeat","background-position":"center center","background-size":"auto","background-attachment":"scroll","background-type":"","background-media":"","overlay-type":"","overlay-color":"","overlay-opacity":"","overlay-gradient":""},"tablet":{"background-color":"var(--ast-global-color-5)","background-image":"","background-repeat":"repeat","background-position":"center center","background-size":"auto","background-attachment":"scroll","background-type":"","background-media":"","overlay-type":"","overlay-color":"","overlay-opacity":"","overlay-gradient":""},"mobile":{"background-color":"var(--ast-global-color-5)","background-image":"","background-repeat":"repeat","background-position":"center center","background-size":"auto","background-attachment":"scroll","background-type":"","background-media":"","overlay-type":"","overlay-color":"","overlay-opacity":"","overlay-gradient":""}},"footnotes":""},"class_list":["post-30","page","type-page","status-publish","hentry"],"_links":{"self":[{"href":"https:\/\/luxochantal.fr\/index.php?rest_route=\/wp\/v2\/pages\/30","targetHints":{"allow":["GET"]}}],"collection":[{"href":"https:\/\/luxochantal.fr\/index.php?rest_route=\/wp\/v2\/pages"}],"about":[{"href":"https:\/\/luxochantal.fr\/index.php?rest_route=\/wp\/v2\/types\/page"}],"author":[{"embeddable":true,"href":"https:\/\/luxochantal.fr\/index.php?rest_route=\/wp\/v2\/users\/1"}],"replies":[{"embeddable":true,"href":"https:\/\/luxochantal.fr\/index.php?rest_route=%2Fwp%2Fv2%2Fcomments&post=30"}],"version-history":[{"count":339,"href":"https:\/\/luxochantal.fr\/index.php?rest_route=\/wp\/v2\/pages\/30\/revisions"}],"predecessor-version":[{"id":1166,"href":"https:\/\/luxochantal.fr\/index.php?rest_route=\/wp\/v2\/pages\/30\/revisions\/1166"}],"wp:attachment":[{"href":"https:\/\/luxochantal.fr\/index.php?rest_route=%2Fwp%2Fv2%2Fmedia&parent=30"}],"curies":[{"name":"wp","href":"https:\/\/api.w.org\/{rel}","templated":true}]}}